{"id":159,"date":"2022-10-12T19:28:58","date_gmt":"2022-10-12T19:28:58","guid":{"rendered":"https:\/\/www.bluebirdcn.fi\/?page_id=159"},"modified":"2024-10-02T17:53:11","modified_gmt":"2024-10-02T17:53:11","slug":"chinese","status":"publish","type":"page","link":"https:\/\/www.bluebirdcn.fi\/en\/courses\/chinese\/","title":{"rendered":"Chinese Courses"},"content":{"rendered":"\r\n<div class=\"wp-block-spacer\" style=\"height: 60px;\" aria-hidden=\"true\">&nbsp;<\/div>\r\n\r\n\r\n\r\n<h2 class=\"wp-block-heading\"><strong>Course Description<\/strong><\/h2>\r\n\r\n\r\n\r\n\r\nThe Chinese classroom of Bluebird Chinese is a non-traditional inheritance language classroom based on the micro-Chinese context of the multi-form classroom with Chinese as the main body of expression, with the goal of awakening Chinese expressing interest and cultivating Chinese expression ability. The classroom uses the joint efforts of teachers and students to carry out immersive, interdisciplinary Chinese learning. There are various forms of classrooms, Chinese games, classroom drama, poetry reading, scientific observation, picture book intensive reading, micro-reading, micro-writing, etc. are all ways for us to cultivate children&#8217;s Chinese ability.\r\n\r\n\r\n\r\n\r\n<div class=\"wp-block-group\">\r\n\r\n\r\n<h2 class=\"wp-block-heading has-neve-link-color-color has-text-color\">Haimian (Sponge) Class<\/h2>\r\n\r\n\r\n\r\n<h3 class=\"wp-block-heading\">Target Students:<\/h3>\r\n\r\n\r\n\r\n\r\nChildren aged 2-4 years old in the period of language initiation\r\n\r\n\r\n\r\n\r\n<h3 class=\"wp-block-heading\">Course Description:<\/h3>\r\n\r\n\r\n\r\n\r\nThrough stories, nursery rhymes, songs, crafts and games and other fun forms, we create an original Chinese language environment for younger children. Help children naturally acquire rich vocabulary and sentence patterns during play, encourage children to speak Chinese, and lay the foundation for future Chinese learning.\r\n\r\n\r\n\r\n\r\n\r\n\r\n<div class=\"wp-block-group\">\r\n\r\n\r\n<h2 class=\"wp-block-heading has-neve-link-color-color has-text-color\">Haima (Seahorse) Class<\/h2>\r\n\r\n\r\n\r\n<h3 class=\"wp-block-heading\">Target Student:<\/h3>\r\n\r\n\r\n\r\n\r\nChildren aged 6-12 who are in a sensitive period of language but do not have a suitable Chinese language environment.\r\n\r\n\r\n\r\n\r\n<h3 class=\"wp-block-heading\">Course Description:<\/h3>\r\n\r\n\r\n\r\n\r\nUsing interesting Chinese content suitable for children&#8217;s mental development level, choose to play games, do experiments, read nursery rhymes, listen to stories and other colourful teaching forms, teach children to speak Chinese, recognize Chinese characters, expand children&#8217;s interest in Chinese learning, focus on improving children&#8217;s listening and speaking skills, and help children get through the bottleneck period of Chinese learning.\r\n\r\n\r\n\r\n\r\n\r\n\r\n<div class=\"wp-block-group\">\r\n\r\n\r\n<h2 class=\"wp-block-heading has-neve-link-color-color has-text-color\">Haiying (Puffin) Class<\/h2>\r\n\r\n\r\n\r\n<h3 class=\"wp-block-heading\">Target Students:<\/h3>\r\n\r\n\r\n\r\n\r\nChildren aged 4-5 years, who have a good foundation in Chinese and have parent-child Chinese reading experiences.\r\n\r\n\r\n\r\n\r\n<h3 class=\"wp-block-heading\">Course Description:<\/h3>\r\n\r\n\r\n\r\n\r\nUsing interesting Chinese content suitable for children&#8217;s mental development level, using picture book reading, mathematical thinking training, scientific experiments, nursery rhyme recitation, Chinese character recognition and other colourful teaching forms, cultivate children&#8217;s Chinese reading habits and lay the foundation for the comprehensive development of listening, speaking, reading and writing skills.\r\n\r\n\r\n\r\n\r\n\r\n\r\n<div class=\"wp-block-group\">\r\n\r\n\r\n<h2 class=\"wp-block-heading has-neve-link-color-color has-text-color\">Haixing (Starfish) Class<\/h2>\r\n\r\n\r\n\r\n<h3 class=\"wp-block-heading\">Target Students:<\/h3>\r\n\r\n\r\n\r\n\r\n6-7 year old children.\r\n\r\n\r\n\r\n\r\n<h3 class=\"wp-block-heading\">Course Description\uff1a<\/h3>\r\n\r\n\r\n\r\n\r\nLiteracy enlightenment.\r\n\r\n\r\n\r\n\r\n\r\n\r\n<div class=\"wp-block-group\">\r\n\r\n\r\n<h2 class=\"wp-block-heading has-neve-link-color-color has-text-color\">Haiou (Seagull) Classes<\/h2>\r\n\r\n\r\n\r\n<h3 class=\"wp-block-heading\">Target Students:<\/h3>\r\n\r\n\r\n\r\n\r\nChildren aged 7-10 with a Chinese foundation (able to read through general texts).\r\n\r\n\r\n\r\n\r\n<h3 class=\"wp-block-heading\">Course Description:<\/h3>\r\n\r\n\r\n\r\n\r\nThe interdisciplinary curriculum with picture book intensive reading as the main line, 24 picture books are selected, and through the teaching of 12 themes, children are guided into the text, into the background of the times, understand the writers and authors, analyse and discuss the character image, semantic context, and theme of the work, through theme reading and comparative reading, improve children&#8217;s Chinese literacy and interest in reading, and cultivate the ability of intensive reading and writing.\r\n\r\n\r\n\r\n\r\n\r\n\r\n<div class=\"wp-block-group\"><div class=\"wp-block-group__inner-container is-layout-flow wp-block-group-is-layout-flow\">&nbsp;<\/div><\/div>\r\n\r\n\r\n\r\n<div class=\"wp-block-group\"><div class=\"wp-block-group__inner-container is-layout-flow wp-block-group-is-layout-flow\">\r\n\r\n\r\n<h2 class=\"wp-block-heading\">Venues<\/h2>\r\n\r\n\r\n\r\n<div class=\"wp-block-group has-nv-light-bg-background-color has-background is-vertical is-layout-flex wp-container-core-group-is-layout-8cf370e7 wp-block-group-is-layout-flex\">\r\n\r\n\r\n<p id=\"westend\">\u2611 Lapinlahti<\/p>\r\n\r\n\r\n\r\n\r\nAddress: Lapinlahdenpolku&nbsp;8, Helsinkio\r\n\r\n\r\n\r\n<\/div>\r\n\r\n\r\n\r\n<div class=\"wp-block-group has-nv-light-bg-background-color has-background is-vertical is-layout-flex wp-container-core-group-is-layout-8cf370e7 wp-block-group-is-layout-flex\">\r\n\r\n\r\n<p id=\"matinkyla\">\u2611 Espoo Matinkyl\u00e4<\/p>\r\n\r\n\r\n\r\n\r\nP\u00e4iv\u00e4nkehr\u00e4n Koulu\r\n\r\n\r\n\r\n\r\n\r\n\u5730\u5740\uff1aP\u00e4iv\u00e4nkehr\u00e4ntie 2, 02210 Espoo\r\n\r\n\r\n\r\n<\/div>\r\n\r\n\r\n\r\n<div class=\"wp-block-group has-nv-light-bg-background-color has-background is-vertical is-layout-flex wp-container-core-group-is-layout-8cf370e7 wp-block-group-is-layout-flex\">\r\n\r\n\r\n<p id=\"kalasatama\">\u2611 Helsinki Kalasatama<\/p>\r\n\r\n\r\n\r\n\r\nKalasataman Peruskoulu\r\n\r\n\r\n\r\n\r\n\r\nClassroom: 1833\r\n\r\n\r\n\r\n\r\n\r\nAddress: Polariksenkatu 1, 00540 Helsinki\r\n\r\n\r\n\r\n<\/div>\r\n\r\n\r\n<\/div><\/div>\r\n\r\n\r\n<\/div>\r\n<\/div>\r\n<\/div>\r\n<\/div>\r\n<\/div>","protected":false},"excerpt":{"rendered":"<p>&nbsp; Course Description The Chinese classroom of Bluebird Chinese is a non-traditional inheritance language classroom based on the micro-Chinese context of the multi-form classroom with Chinese as the main body of expression, with the goal of awakening Chinese expressing interest and cultivating Chinese expression ability. The classroom uses the joint efforts of teachers and students&hellip;&nbsp;<a href=\"https:\/\/www.bluebirdcn.fi\/en\/courses\/chinese\/\" rel=\"bookmark\">Read More &raquo;<span class=\"screen-reader-text\">Chinese Courses<\/span><\/a><\/p>\n","protected":false},"author":1,"featured_media":0,"parent":42,"menu_order":0,"comment_status":"closed","ping_status":"closed","template":"","meta":{"neve_meta_sidebar":"","neve_meta_container":"","neve_meta_enable_content_width":"","neve_meta_content_width":0,"neve_meta_title_alignment":"","neve_meta_author_avatar":"","neve_post_elements_order":"","neve_meta_disable_header":"","neve_meta_disable_footer":"","neve_meta_disable_title":"","footnotes":""},"class_list":["post-159","page","type-page","status-publish","hentry"],"jetpack_sharing_enabled":true,"_links":{"self":[{"href":"https:\/\/www.bluebirdcn.fi\/en\/wp-json\/wp\/v2\/pages\/159","targetHints":{"allow":["GET"]}}],"collection":[{"href":"https:\/\/www.bluebirdcn.fi\/en\/wp-json\/wp\/v2\/pages"}],"about":[{"href":"https:\/\/www.bluebirdcn.fi\/en\/wp-json\/wp\/v2\/types\/page"}],"author":[{"embeddable":true,"href":"https:\/\/www.bluebirdcn.fi\/en\/wp-json\/wp\/v2\/users\/1"}],"replies":[{"embeddable":true,"href":"https:\/\/www.bluebirdcn.fi\/en\/wp-json\/wp\/v2\/comments?post=159"}],"version-history":[{"count":14,"href":"https:\/\/www.bluebirdcn.fi\/en\/wp-json\/wp\/v2\/pages\/159\/revisions"}],"predecessor-version":[{"id":429,"href":"https:\/\/www.bluebirdcn.fi\/en\/wp-json\/wp\/v2\/pages\/159\/revisions\/429"}],"up":[{"embeddable":true,"href":"https:\/\/www.bluebirdcn.fi\/en\/wp-json\/wp\/v2\/pages\/42"}],"wp:attachment":[{"href":"https:\/\/www.bluebirdcn.fi\/en\/wp-json\/wp\/v2\/media?parent=159"}],"curies":[{"name":"wp","href":"https:\/\/api.w.org\/{rel}","templated":true}]}}